{"id":626,"date":"2026-01-29T11:02:43","date_gmt":"2026-01-29T14:02:43","guid":{"rendered":"https:\/\/falascarlett.com\/?page_id=626"},"modified":"2026-01-29T11:13:50","modified_gmt":"2026-01-29T14:13:50","slug":"pagina-temporaria","status":"publish","type":"page","link":"https:\/\/falascarlett.com\/","title":{"rendered":"Pagina temporaria"},"content":{"rendered":"\t\t<div data-elementor-type=\"wp-page\" data-elementor-id=\"626\" class=\"elementor elementor-626\" data-elementor-post-type=\"page\">\n\t\t\t\t<div class=\"elementor-element elementor-element-7b358caf e-con-full e-flex e-con e-parent\" data-id=\"7b358caf\" data-element_type=\"container\" data-e-type=\"container\" data-settings=\"{&quot;background_background&quot;:&quot;classic&quot;}\">\n\t\t<div class=\"elementor-element elementor-element-58b9ce6 e-con-full e-flex e-con e-child\" data-id=\"58b9ce6\" data-element_type=\"container\" data-e-type=\"container\">\n\t\t\t\t<div class=\"elementor-element elementor-element-6b02ecf0 elementor-widget elementor-widget-heading\" data-id=\"6b02ecf0\" data-element_type=\"widget\" data-e-type=\"widget\" data-widget_type=\"heading.default\">\n\t\t\t\t\t<h1 class=\"elementor-heading-title elementor-size-default\">Site em manuten\u00e7\u00e3o!<\/h1>\t\t\t\t<\/div>\n\t\t\t\t<div class=\"elementor-element elementor-element-7a76b69d elementor-widget elementor-widget-text-editor\" data-id=\"7a76b69d\" data-element_type=\"widget\" data-e-type=\"widget\" data-widget_type=\"text-editor.default\">\n\t\t\t\t\t\t\t\t\t<p><strong>Para uma melhor experiencia, estamos transformando todos nossos meios de conex\u00e3o.<\/strong><br \/><br \/><em>By Fala Scarlett.<\/em><\/p>\t\t\t\t\t\t\t\t<\/div>\n\t\t\t\t<\/div>\n\t\t\t\t<\/div>\n\t\t\t\t<\/div>\n\t\t","protected":false},"excerpt":{"rendered":"<p>Site em manuten\u00e7\u00e3o! Para uma melhor experiencia, estamos transformando todos nossos meios de conex\u00e3o. By Fala Scarlett.<\/p>\n","protected":false},"author":1,"featured_media":0,"parent":0,"menu_order":0,"comment_status":"closed","ping_status":"closed","template":"","meta":{"footnotes":""},"class_list":["post-626","page","type-page","status-publish","hentry"],"_hostinger_reach_plugin_has_subscription_block":false,"_hostinger_reach_plugin_is_elementor":false,"_links":{"self":[{"href":"https:\/\/falascarlett.com\/index.php\/wp-json\/wp\/v2\/pages\/626","targetHints":{"allow":["GET"]}}],"collection":[{"href":"https:\/\/falascarlett.com\/index.php\/wp-json\/wp\/v2\/pages"}],"about":[{"href":"https:\/\/falascarlett.com\/index.php\/wp-json\/wp\/v2\/types\/page"}],"author":[{"embeddable":true,"href":"https:\/\/falascarlett.com\/index.php\/wp-json\/wp\/v2\/users\/1"}],"replies":[{"embeddable":true,"href":"https:\/\/falascarlett.com\/index.php\/wp-json\/wp\/v2\/comments?post=626"}],"version-history":[{"count":4,"href":"https:\/\/falascarlett.com\/index.php\/wp-json\/wp\/v2\/pages\/626\/revisions"}],"predecessor-version":[{"id":638,"href":"https:\/\/falascarlett.com\/index.php\/wp-json\/wp\/v2\/pages\/626\/revisions\/638"}],"wp:attachment":[{"href":"https:\/\/falascarlett.com\/index.php\/wp-json\/wp\/v2\/media?parent=626"}],"curies":[{"name":"wp","href":"https:\/\/api.w.org\/{rel}","templated":true}]}}